{"id":153,"date":"2018-12-17T15:06:49","date_gmt":"2018-12-17T15:06:49","guid":{"rendered":"\/?page_id=153"},"modified":"2025-05-29T06:27:13","modified_gmt":"2025-05-29T06:27:13","slug":"free-trial","status":"publish","type":"page","link":"https:\/\/www.mathletics.com\/latam\/for-schools\/free-trial\/","title":{"rendered":"Free Trial for Schools"},"content":{"rendered":"<p><div class=\"fusion-fullwidth fullwidth-box fusion-builder-row-1 fusion-flex-container has-pattern-background has-mask-background header-main-div nonhundred-percent-fullwidth non-hundred-percent-height-scrolling\" style=\"background-color: rgba(255,255,255,0);background-image:linear-gradient(108deg, #def5fa 0%,#71c6ed 100%);background-position: center center;background-repeat: no-repeat;border-width: 0px 0px 0px 0px;border-color:#eae9e9;border-style:solid;\" ><div class=\"fusion-builder-row fusion-row fusion-flex-align-items-flex-start fusion-flex-justify-content-center\" style=\"max-width:1497.6px;margin-left: calc(-4% \/ 2 );margin-right: calc(-4% \/ 2 );\"><div class=\"fusion-layout-column fusion_builder_column fusion-builder-column-0 fusion_builder_column_1_2 1_2 fusion-flex-column fusion-flex-align-self-flex-start cs-width\"><div class=\"fusion-column-wrapper fusion-flex-justify-content-flex-start fusion-content-layout-column\" style=\"background-position:left top;background-repeat:no-repeat;-webkit-background-size:cover;-moz-background-size:cover;-o-background-size:cover;background-size:cover;padding: 0px 4% 0px 4%;\"><div style=\"text-align:left;\"><style>.fusion-imageframe.imageframe-1{ margin-top : -48px;}<\/style><span class=\" fusion-imageframe imageframe-none imageframe-1 hover-type-none header-img\" id=\"logoimg\"><a class=\"fusion-no-lightbox\" href=\"https:\/\/www.mathletics.com\/au\/for-schools\/\" target=\"_self\"><img src=\"data:image\/gif;base64,R0lGODlhAQABAAAAACH5BAEKAAEALAAAAAABAAEAAAICTAEAOw==\" data-orig-src=\"https:\/\/assets-homepages.3plearning.net\/wp-content\/uploads\/sites\/32\/MX.svg\" alt class=\"lazyload img-responsive\"\/><\/a><\/span><\/div><style type=\"text\/css\">@media only screen and (max-width:1024px) {.fusion-title.fusion-title-1{margin-top:72px!important;margin-right:!important;margin-bottom:!important; margin-left:!important;}}@media only screen and (max-width:768px) {.fusion-title.fusion-title-1{margin-top:48px!important; margin-right:0px!important;margin-bottom:!important; margin-left:0px!important;}}<\/style><div class=\"fusion-title title fusion-title-1 fusion-sep-none fusion-title-text fusion-title-size-one\" style=\"margin-top:72px;margin-right:0px;margin-bottom:12px;margin-left:0px;\"><h1 class=\"title-heading-left fusion-responsive-typography-calculated\" style=\"margin:0;text-transform:none;color:#001937;--fontSize:45.78;line-height:1.3;\">Pruebe el programa de matem\u00e1ticas en el que conf\u00edan miles de docentes<\/h1><\/div><style type=\"text\/css\">@media only screen and (max-width:1024px) {.fusion-title.fusion-title-2{margin-top:12px!important; margin-right:24px!important;margin-bottom:12px!important;margin-left:0px!important;}}@media only screen and (max-width:768px) {.fusion-title.fusion-title-2{margin-top:!important; margin-right:0px!important;margin-bottom:!important; margin-left:0px!important;}}<\/style><div class=\"fusion-title title fusion-title-2 fusion-sep-none fusion-title-text fusion-title-size-four\" style=\"font-size:26px;margin-top:12px;margin-right:24px;margin-bottom:12px;margin-left:0px;\"><h4 class=\"title-heading-left fusion-responsive-typography-calculated\" style=\"margin:0;font-size:1em;text-transform:none;color:#001937;--fontSize:26;line-height:1.19;\"><p style=\"text-align: left\"><strong>Su prueba es su oportunidad de asegurarse de que Mathletics es adecuado para usted, sus alumnos y su escuela. Al obtener acceso a Mathletics, usted podr\u00e1:<\/strong><\/p><\/h4><\/div><ul class=\"fusion-checklist fusion-checklist-1\" style=\"font-size:16px;line-height:27.2px;\"><li style=\"background-color:rgba(255,255,255,0);\" class=\"fusion-li-item\"><span style=\"background-color:#1ccc65;font-size:14.08px;height:27.2px;width:27.2px;margin-right:11.2px;\" class=\"icon-wrapper circle-yes\"><i class=\"fusion-li-icon fa-check fas\" style=\"color:#33475f;\" aria-hidden=\"true\"><\/i><\/span><div class=\"fusion-li-item-content\" style=\"margin-left:38.4px;color:#33475f;\">\n<p style=\"color: #33475f\"><strong>Ahorrar el tiempo de los docentes<\/strong>\u00a0\u2013 con ayuda para calificar, cientos de recursos y lecciones de matem\u00e1ticas, Mathletics realiza algunas de las tareas que requieren m\u00e1s esfuerzo para que usted pueda enfocarse en sus alumnos.<\/p>\n<\/div><\/li><li style=\"background-color:rgba(255,255,255,0);\" class=\"fusion-li-item\"><span style=\"background-color:#1ccc65;font-size:14.08px;height:27.2px;width:27.2px;margin-right:11.2px;\" class=\"icon-wrapper circle-yes\"><i class=\"fusion-li-icon fa-check fas\" style=\"color:#33475f;\" aria-hidden=\"true\"><\/i><\/span><div class=\"fusion-li-item-content\" style=\"margin-left:38.4px;color:#33475f;\">\n<p style=\"color: #33475f\"><strong>Proporcionar informes detallados<\/strong> \u2013 dar seguimiento a los avances de los alumnos a nivel de clase e individual para ayudar a crear planes de lecci\u00f3n y rutas de aprendizaje.<\/p>\n<\/div><\/li><li style=\"background-color:rgba(255,255,255,0);\" class=\"fusion-li-item\"><span style=\"background-color:#1ccc65;font-size:14.08px;height:27.2px;width:27.2px;margin-right:11.2px;\" class=\"icon-wrapper circle-yes\"><i class=\"fusion-li-icon fa-check fas\" style=\"color:#33475f;\" aria-hidden=\"true\"><\/i><\/span><div class=\"fusion-li-item-content\" style=\"margin-left:38.4px;color:#33475f;\">\n<p style=\"color: #33475f\"><strong>Cautivar a los alumnos<\/strong>\u00a0\u2013 Mathletics usa el aprendizaje a base de juegos para involucrar y desafiar a los alumnos para que tengan excelentes resultados al tiempo que tambi\u00e9n se divierten.<\/p>\n<\/div><\/li><\/ul><div ><style>.fusion-imageframe.imageframe-2{ margin-right : -1rem;}<\/style><span class=\" fusion-imageframe imageframe-none imageframe-2 hover-type-none\"><img src=\"data:image\/gif;base64,R0lGODlhAQABAAAAACH5BAEKAAEALAAAAAABAAEAAAICTAEAOw==\" data-orig-src=\"https:\/\/assets-homepages.3plearning.net\/wp-content\/uploads\/sites\/32\/engage-kids-1050-800x738-1.png\" alt class=\"lazyload img-responsive\"\/><\/span><\/div><\/div><style type=\"text\/css\">.fusion-body .fusion-builder-column-0{width:50% !important;margin-top : 0px;margin-bottom : 0px;}.fusion-builder-column-0 > .fusion-column-wrapper {padding-top : 0px !important;padding-right : 4% !important;margin-right : 3.84%;padding-bottom : 0px !important;padding-left : 4% !important;margin-left : 3.84%;}@media only screen and (max-width:1024px) {.fusion-body .fusion-builder-column-0{width:100% !important;order : 0;}.fusion-builder-column-0 > .fusion-column-wrapper {margin-right : 1.92%;margin-left : 1.92%;}}@media only screen and (max-width:768px) {.fusion-body .fusion-builder-column-0{width:100% !important;order : 0;}.fusion-builder-column-0 > .fusion-column-wrapper {margin-right : 1.92%;margin-left : 1.92%;}}<\/style><\/div><div class=\"fusion-layout-column fusion_builder_column fusion-builder-column-1 fusion_builder_column_1_2 1_2 fusion-flex-column fusion-flex-align-self-flex-start form\"><div class=\"fusion-column-wrapper fusion-column-has-shadow fusion-flex-justify-content-flex-start fusion-content-layout-column\" style=\"background-position:left top;background-repeat:no-repeat;-webkit-background-size:cover;-moz-background-size:cover;-o-background-size:cover;background-size:cover;border-radius:24px 24px 24px 24px;background-color:#ffffff;border-width: 1px 1px 1px 1px;border-color:#ffffff;border-style:solid;border-radius:24px 24px 24px 24px;overflow:hidden;box-shadow:0px 4px 20px 9px rgba(0, 51, 111, 0.20;;padding: 0px 0px 0px 0px;\"><div class=\"fusion-builder-row fusion-builder-row-inner fusion-row fusion-flex-align-items-flex-start fusion-flex-justify-content-center\" style=\"width:104% !important;max-width:104% !important;margin-left: calc(-4% \/ 2 );margin-right: calc(-4% \/ 2 );\"><div class=\"fusion-layout-column fusion_builder_column_inner fusion-builder-nested-column-0 fusion_builder_column_inner_1_1 1_1 fusion-flex-column fusion-flex-align-self-flex-start form-border\"><div class=\"fusion-column-wrapper fusion-flex-justify-content-flex-start fusion-content-layout-column\" style=\"background-position:left top;background-repeat:no-repeat;-webkit-background-size:cover;-moz-background-size:cover;-o-background-size:cover;background-size:cover;border-radius:24px 24px 24px 24px;background-color:#ffffff;border-radius:24px 24px 24px 24px;overflow:hidden;padding: 24px 32px 0px 32px;\"><style type=\"text\/css\">@media only screen and (max-width:1024px) {.fusion-title.fusion-title-3{margin-top:8px!important; margin-right:0px!important;margin-bottom:0px!important;margin-left:0px!important;}}@media only screen and (max-width:768px) {.fusion-title.fusion-title-3{margin-top:!important; margin-right:0px!important;margin-bottom:!important; margin-left:0px!important;}}<\/style><div class=\"fusion-title title fusion-title-3 fusion-sep-none fusion-title-text fusion-title-size-one\" style=\"font-size:24px;margin-top:8px;margin-right:0px;margin-bottom:0px;margin-left:0px;\"><h1 class=\"title-heading-left fusion-responsive-typography-calculated\" style=\"font-family:&quot;Montserrat&quot;;font-weight:600;margin:0;font-size:1em;text-transform:none;color:#001937;--fontSize:24;line-height:1.29;\"><strong>Obtenga acceso completo a Mathletics por tiempo limitado<\/strong><\/h1><\/div><iframe id=\"global-form-iframe\" frameborder=\"0\"><\/iframe>\n<script>\n  window.globalFormData = {    \n    useUC: true,    \n    iframeSelector: \"#global-form-iframe\",    \n    iframeUrl: \"https:\/\/my.mathletics.com\/globalForm_MX\/\",    \n    params: {\n      form: \"trial\",\n      cid: \"7010I000001e0btQAA\",\n      pid: \"Mathletics\",\n      rid: \"4\"      \n    },\n  };\n<\/script>\n<script type=\"module\" src=\"https:\/\/marketing-cdn.3plearning.com\/docs\/dev\/form\/global-form-iframe.js\"><\/script>\n<\/div><style type=\"text\/css\">.fusion-body .fusion-builder-nested-column-0{width:100% !important;margin-top : 0%;margin-bottom : 0%;}.fusion-builder-nested-column-0 > .fusion-column-wrapper {padding-top : 24px !important;padding-right : 32px !important;margin-right : 1.92%;padding-bottom : 0px !important;padding-left : 32px !important;margin-left : 1.92%;}@media only screen and (max-width:1024px) {.fusion-body .fusion-builder-nested-column-0{width:100% !important;order : 0;}.fusion-builder-nested-column-0 > .fusion-column-wrapper {margin-right : 1.92%;margin-left : 1.92%;}}@media only screen and (max-width:768px) {.fusion-body .fusion-builder-nested-column-0{width:100% !important;order : 0;}.fusion-builder-nested-column-0 > .fusion-column-wrapper {margin-right : 1.92%;margin-left : 1.92%;}}<\/style><\/div><\/div><\/div><style type=\"text\/css\">.fusion-body .fusion-builder-column-1{width:50% !important;margin-top : 96px;margin-bottom : 12px;}.fusion-builder-column-1 > .fusion-column-wrapper {padding-top : 0 !important;padding-right : 0 !important;margin-right : 11.52%;padding-bottom : 0 !important;padding-left : 0 !important;margin-left : 11.52%;}@media only screen and (max-width:1024px) {.fusion-body .fusion-builder-column-1{width:100% !important;order : 0;margin-top : 72px;}.fusion-builder-column-1 > .fusion-column-wrapper {margin-right : 1.92%;margin-left : 1.92%;}}@media only screen and (max-width:768px) {.fusion-body .fusion-builder-column-1{width:100% !important;order : 0;margin-top : 12px;}.fusion-builder-column-1 > .fusion-column-wrapper {margin-right : 1.92%;margin-left : 1.92%;}}<\/style><\/div><\/div><style type=\"text\/css\">.fusion-body .fusion-flex-container.fusion-builder-row-1{ padding-top : 12px;margin-top : 0px;padding-right : 104px;padding-bottom : 48px;margin-bottom : 0px;padding-left : 104px;}@media only screen and (max-width:1024px) {.fusion-body .fusion-flex-container.fusion-builder-row-1{ padding-top : 12px;margin-top : 0px;padding-right : 2%;padding-bottom : 4%;padding-left : 2%;}}@media only screen and (max-width:768px) {.fusion-body .fusion-flex-container.fusion-builder-row-1{ padding-top : 12px;margin-top : 0px;padding-right : 2%;padding-bottom : 4%;padding-left : 2%;}}<\/style><\/div><div class=\"fusion-fullwidth fullwidth-box fusion-builder-row-2 has-pattern-background has-mask-background nonhundred-percent-fullwidth non-hundred-percent-height-scrolling\" style=\"background-color: rgba(255,255,255,0);background-position: center center;background-repeat: no-repeat;padding-top:5%;padding-right:5%;padding-bottom:5%;padding-left:5%;margin-bottom: 0px;margin-top: 0px;border-width: 0px 0px 0px 0px;border-color:#eae9e9;border-style:solid;\" id=\"notransition\" ><div class=\"fusion-builder-row fusion-row\"><div class=\"fusion-layout-column fusion_builder_column fusion-builder-column-2 fusion_builder_column_1_1 1_1 fusion-one-full fusion-column-first fusion-column-last background-contain bk-no-repeat\" style=\"margin-top:0px;margin-bottom:0px;\"><div class=\"fusion-column-wrapper fusion-flex-column-wrapper-legacy\" style=\"background-position:center top;background-repeat:no-repeat;-webkit-background-size:cover;-moz-background-size:cover;-o-background-size:cover;background-size:cover;padding: 0px 0px -40px 0px;\"><div class=\"fusion-column-content-centered\"><div class=\"fusion-column-content\"><div style=\"\ndisplay: flex;\nflex-direction: column;\njustify-content: center;\nalign-items: center;\nmargin: 0\">\n<h2 style=\"text-align: centre;  color: #001937; margin-bottom: 24px;\" class=\"HeadingTwoWithColour\">\u00bfQu\u00e9 opinan los docentes de Mathletics?<\/h2>\n<\/div><\/div><\/div><div class=\"fusion-clearfix\"><\/div><\/div><\/div><div class=\"fusion-layout-column fusion_builder_column fusion-builder-column-3 fusion_builder_column_1_1 1_1 fusion-one-full fusion-column-first fusion-column-last\" style=\"margin-top:0px;margin-bottom:0px;\"><div class=\"fusion-column-wrapper fusion-flex-column-wrapper-legacy\" style=\"background-position:left top;background-repeat:no-repeat;-webkit-background-size:cover;-moz-background-size:cover;-o-background-size:cover;background-size:cover;background-color:rgba(255,255,255,0);padding: 0px 0px 0px 0px;\"><div class=\"fusion-testimonials clean fusion-testimonials-1 fusion-testimonials_custom \" data-random=\"0\" data-speed=\"0\"><style type=\"text\/css\">#fusion-testimonials-1 a{border-color:##33475F;}#fusion-testimonials-1 a:hover, #fusion-testimonials-1 .activeSlide{background-color: ##33475F;}.fusion-testimonials.clean.fusion-testimonials-1 .author:after{border-top-color:#ffffff !important;}<\/style><div class=\"reviews\"><div class=\"review active-testimonial no-avatar\"><blockquote class=\"testimonials-shortcode-blockquote\"><q style=\"background-color:#ffffff;color:##33475F;\" class=\"fusion-clearfix\">\n<p><img class=\"lazyload size-fusion-200 wp-image-5281 stars-img aligncenter\" src=\"data:image\/svg+xml,%3Csvg%20xmlns%3D%27http%3A%2F%2Fwww.w3.org%2F2000%2Fsvg%27%20width%3D%27200%27%20height%3D%2729%27%20viewBox%3D%270%200%20200%2029%27%3E%3Crect%20width%3D%27200%27%20height%3D%2729%27%20fill-opacity%3D%220%22%2F%3E%3C%2Fsvg%3E\" data-orig-src=\"https:\/\/assets-homepages.3plearning.net\/wp-content\/uploads\/sites\/12\/stars-200x29.png\" alt=\"stars\" width=\"200\" height=\"29\" \/><\/p>\n<p style=\"text-align: center\">Mathletics ha sido un gran \u00e9xito. Como educadores hemos visto que es una herramienta invaluable de evaluaci\u00f3n y complementaria. Proporciona a los alumnos en casa el acceso para soporte adicional y hace que el aprendizaje de las matem\u00e1ticas sea disfrutable. Yo recomendar\u00eda ampliamante Mathletics a todos lo que est\u00e9n pensando en usarlo en su escuela.<\/p>\n<\/q><\/blockquote><div class=\"author\" style=\"color:##33475F;\"><span class=\"company-name\"><\/span><\/div><\/div><\/div><div class=\"testimonial-pagination\" id=\"fusion-testimonials-1\"><\/div><\/div><div class=\"fusion-clearfix\"><\/div><\/div><\/div><\/div><\/div><\/p>\n","protected":false},"excerpt":{"rendered":"","protected":false},"author":20,"featured_media":0,"parent":149,"menu_order":0,"comment_status":"closed","ping_status":"closed","template":"100-width.php","meta":[],"acf":[],"yoast_head":"<!-- This site is optimized with the Yoast SEO plugin v20.3 - https:\/\/yoast.com\/wordpress\/plugins\/seo\/ -->\r\n<title>Prueba gratis escolar de Mathletics | Acceso libre durante 30 d\u00edas (Bienvenido)<\/title>\r\n<meta name=\"description\" content=\"Prueba gratuita por 30 d\u00edas sin ninguna obligaci\u00f3n de Mathletics para toda su escuela o para una clase afortunada. Le ayudaremos con una configuraci\u00f3n guiada y soporte continuo.\" \/>\r\n<meta name=\"robots\" content=\"noindex, nofollow\" \/>\r\n<meta property=\"og:locale\" content=\"en_US\" \/>\r\n<meta property=\"og:type\" content=\"article\" \/>\r\n<meta property=\"og:title\" content=\"Prueba gratis escolar de Mathletics | Acceso libre durante 30 d\u00edas (Bienvenido)\" \/>\r\n<meta property=\"og:description\" content=\"Prueba gratuita por 30 d\u00edas sin ninguna obligaci\u00f3n de Mathletics para toda su escuela o para una clase afortunada. Le ayudaremos con una configuraci\u00f3n guiada y soporte continuo.\" \/>\r\n<meta property=\"og:url\" content=\"https:\/\/www.mathletics.com\/latam\/for-schools\/free-trial\/\" \/>\r\n<meta property=\"og:site_name\" content=\"Mathletics Latin America\" \/>\r\n<meta property=\"article:modified_time\" content=\"2025-05-29T06:27:13+00:00\" \/>\r\n<meta property=\"og:image\" content=\"https:\/\/assets-homepages.3plearning.net\/wp-content\/uploads\/sites\/12\/stars-200x29.png\" \/>\r\n<meta name=\"twitter:card\" content=\"summary_large_image\" \/>\r\n<meta name=\"twitter:label1\" content=\"Est. reading time\" \/>\n\t<meta name=\"twitter:data1\" content=\"8 minutes\" \/>\r\n<script type=\"application\/ld+json\" class=\"yoast-schema-graph\">{\"@context\":\"https:\/\/schema.org\",\"@graph\":[{\"@type\":\"WebPage\",\"@id\":\"https:\/\/www.mathletics.com\/latam\/for-schools\/free-trial\/\",\"url\":\"https:\/\/www.mathletics.com\/latam\/for-schools\/free-trial\/\",\"name\":\"Prueba gratis escolar de Mathletics | Acceso libre durante 30 d\u00edas (Bienvenido)\",\"isPartOf\":{\"@id\":\"https:\/\/www.mathletics.com\/latam\/#website\"},\"datePublished\":\"2018-12-17T15:06:49+00:00\",\"dateModified\":\"2025-05-29T06:27:13+00:00\",\"description\":\"Prueba gratuita por 30 d\u00edas sin ninguna obligaci\u00f3n de Mathletics para toda su escuela o para una clase afortunada. Le ayudaremos con una configuraci\u00f3n guiada y soporte continuo.\",\"breadcrumb\":{\"@id\":\"https:\/\/www.mathletics.com\/latam\/for-schools\/free-trial\/#breadcrumb\"},\"inLanguage\":\"en-US\",\"potentialAction\":[{\"@type\":\"ReadAction\",\"target\":[\"https:\/\/www.mathletics.com\/latam\/for-schools\/free-trial\/\"]}]},{\"@type\":\"BreadcrumbList\",\"@id\":\"https:\/\/www.mathletics.com\/latam\/for-schools\/free-trial\/#breadcrumb\",\"itemListElement\":[{\"@type\":\"ListItem\",\"position\":1,\"name\":\"Home\",\"item\":\"https:\/\/www.mathletics.com\/latam\/\"},{\"@type\":\"ListItem\",\"position\":2,\"name\":\"For Schools LATAM\",\"item\":\"https:\/\/www.mathletics.com\/latam\/for-schools\/\"},{\"@type\":\"ListItem\",\"position\":3,\"name\":\"Free Trial for Schools\"}]},{\"@type\":\"WebSite\",\"@id\":\"https:\/\/www.mathletics.com\/latam\/#website\",\"url\":\"https:\/\/www.mathletics.com\/latam\/\",\"name\":\"Mathletics Latin America\",\"description\":\"Empowering Maths Learning Online\",\"potentialAction\":[{\"@type\":\"SearchAction\",\"target\":{\"@type\":\"EntryPoint\",\"urlTemplate\":\"https:\/\/www.mathletics.com\/latam\/?s={search_term_string}\"},\"query-input\":\"required name=search_term_string\"}],\"inLanguage\":\"en-US\"}]}<\/script>\r\n<!-- \/ Yoast SEO plugin. -->","yoast_head_json":{"title":"Prueba gratis escolar de Mathletics | Acceso libre durante 30 d\u00edas (Bienvenido)","description":"Prueba gratuita por 30 d\u00edas sin ninguna obligaci\u00f3n de Mathletics para toda su escuela o para una clase afortunada. Le ayudaremos con una configuraci\u00f3n guiada y soporte continuo.","robots":{"index":"noindex","follow":"nofollow"},"og_locale":"en_US","og_type":"article","og_title":"Prueba gratis escolar de Mathletics | Acceso libre durante 30 d\u00edas (Bienvenido)","og_description":"Prueba gratuita por 30 d\u00edas sin ninguna obligaci\u00f3n de Mathletics para toda su escuela o para una clase afortunada. Le ayudaremos con una configuraci\u00f3n guiada y soporte continuo.","og_url":"https:\/\/www.mathletics.com\/latam\/for-schools\/free-trial\/","og_site_name":"Mathletics Latin America","article_modified_time":"2025-05-29T06:27:13+00:00","og_image":[{"url":"https:\/\/assets-homepages.3plearning.net\/wp-content\/uploads\/sites\/12\/stars-200x29.png"}],"twitter_card":"summary_large_image","twitter_misc":{"Est. reading time":"8 minutes"},"schema":{"@context":"https:\/\/schema.org","@graph":[{"@type":"WebPage","@id":"https:\/\/www.mathletics.com\/latam\/for-schools\/free-trial\/","url":"https:\/\/www.mathletics.com\/latam\/for-schools\/free-trial\/","name":"Prueba gratis escolar de Mathletics | Acceso libre durante 30 d\u00edas (Bienvenido)","isPartOf":{"@id":"https:\/\/www.mathletics.com\/latam\/#website"},"datePublished":"2018-12-17T15:06:49+00:00","dateModified":"2025-05-29T06:27:13+00:00","description":"Prueba gratuita por 30 d\u00edas sin ninguna obligaci\u00f3n de Mathletics para toda su escuela o para una clase afortunada. Le ayudaremos con una configuraci\u00f3n guiada y soporte continuo.","breadcrumb":{"@id":"https:\/\/www.mathletics.com\/latam\/for-schools\/free-trial\/#breadcrumb"},"inLanguage":"en-US","potentialAction":[{"@type":"ReadAction","target":["https:\/\/www.mathletics.com\/latam\/for-schools\/free-trial\/"]}]},{"@type":"BreadcrumbList","@id":"https:\/\/www.mathletics.com\/latam\/for-schools\/free-trial\/#breadcrumb","itemListElement":[{"@type":"ListItem","position":1,"name":"Home","item":"https:\/\/www.mathletics.com\/latam\/"},{"@type":"ListItem","position":2,"name":"For Schools LATAM","item":"https:\/\/www.mathletics.com\/latam\/for-schools\/"},{"@type":"ListItem","position":3,"name":"Free Trial for Schools"}]},{"@type":"WebSite","@id":"https:\/\/www.mathletics.com\/latam\/#website","url":"https:\/\/www.mathletics.com\/latam\/","name":"Mathletics Latin America","description":"Empowering Maths Learning Online","potentialAction":[{"@type":"SearchAction","target":{"@type":"EntryPoint","urlTemplate":"https:\/\/www.mathletics.com\/latam\/?s={search_term_string}"},"query-input":"required name=search_term_string"}],"inLanguage":"en-US"}]}},"_links":{"self":[{"href":"https:\/\/www.mathletics.com\/latam\/wp-json\/wp\/v2\/pages\/153"}],"collection":[{"href":"https:\/\/www.mathletics.com\/latam\/wp-json\/wp\/v2\/pages"}],"about":[{"href":"https:\/\/www.mathletics.com\/latam\/wp-json\/wp\/v2\/types\/page"}],"author":[{"embeddable":true,"href":"https:\/\/www.mathletics.com\/latam\/wp-json\/wp\/v2\/users\/20"}],"replies":[{"embeddable":true,"href":"https:\/\/www.mathletics.com\/latam\/wp-json\/wp\/v2\/comments?post=153"}],"version-history":[{"count":6,"href":"https:\/\/www.mathletics.com\/latam\/wp-json\/wp\/v2\/pages\/153\/revisions"}],"predecessor-version":[{"id":5949,"href":"https:\/\/www.mathletics.com\/latam\/wp-json\/wp\/v2\/pages\/153\/revisions\/5949"}],"up":[{"embeddable":true,"href":"https:\/\/www.mathletics.com\/latam\/wp-json\/wp\/v2\/pages\/149"}],"wp:attachment":[{"href":"https:\/\/www.mathletics.com\/latam\/wp-json\/wp\/v2\/media?parent=153"}],"curies":[{"name":"wp","href":"https:\/\/api.w.org\/{rel}","templated":true}]}}