{"id":151,"date":"2018-12-17T15:05:39","date_gmt":"2018-12-17T15:05:39","guid":{"rendered":"\/?page_id=151"},"modified":"2020-05-21T04:47:51","modified_gmt":"2020-05-21T04:47:51","slug":"curriculum","status":"publish","type":"page","link":"https:\/\/www.mathletics.com\/latam\/for-schools\/curriculum\/","title":{"rendered":"Curriculum"},"content":{"rendered":"<p><div class=\"fusion-fullwidth fullwidth-box fusion-builder-row-1 nonhundred-percent-fullwidth non-hundred-percent-height-scrolling\" style=\"background-color: #e7f7fe;background-position: center center;background-repeat: no-repeat;padding-top:10%;padding-right:5%;padding-bottom:0%;padding-left:5%;margin-bottom: 0px;margin-top: 0px;border-width: 0px 0px 0px 0px;border-color:#eae9e9;border-style:solid;\" ><div class=\"fusion-builder-row fusion-row\"><div class=\"fusion-layout-column fusion_builder_column fusion-builder-column-0 fusion_builder_column_1_1 1_1 fusion-one-full fusion-column-first fusion-column-last\" style=\"margin-top:0%;margin-bottom:0%;\"><div class=\"fusion-column-wrapper fusion-flex-column-wrapper-legacy\" style=\"background-position:left top;background-repeat:no-repeat;-webkit-background-size:cover;-moz-background-size:cover;-o-background-size:cover;background-size:cover;padding: 0px 0px 0% 0px;\"><style type=\"text\/css\"><\/style><div class=\"fusion-title title fusion-title-1 fusion-sep-none fusion-title-center fusion-title-text fusion-title-size-one fusion-title-default-margin\" style=\"margin-right:0px;margin-left:0px; margin-top:0px; margin-bottom:0px\"><h1 class=\"title-heading-center fusion-responsive-typography-calculated\" style=\"text-transform:none;color:#1981c4;--fontSize:45.78;line-height:1;\">Las actividades de Mathletics se ha desarrollado para alinearse con los programas escolares de todo el mundo.<\/h1><\/div><div class=\"fusion-text fusion-text-1\"><p style=\"text-align: center;\">Dise\u00f1ado por docentes para educadores de escuela y de casa, Mathletics cumple con los est\u00e1ndares escolares de todo el mundo, lo que asegura que los alumnos reciben cursos y contenido de matem\u00e1ticas que son pertinentes.<\/p>\n<\/div><div class=\"fusion-sep-clear\"><\/div><div class=\"fusion-separator fusion-full-width-sep\" style=\"margin-left: auto;margin-right: auto;margin-top:1em;margin-bottom:1em;width:100%;\"><\/div><div class=\"fusion-sep-clear\"><\/div><div class=\"imageframe-align-center\"><span class=\" fusion-imageframe imageframe-none imageframe-1 hover-type-none\"><img width=\"950\" height=\"459\" title=\"curriculum-950\" src=\"\/wp-content\/uploads\/sites\/36\/curriculum-950.png\" data-orig-src=\"https:\/\/assets-homepages.3plearning.net\/wp-content\/uploads\/sites\/36\/curriculum-950.png\" alt class=\"lazyload img-responsive wp-image-5129\" srcset=\"data:image\/svg+xml,%3Csvg%20xmlns%3D%27http%3A%2F%2Fwww.w3.org%2F2000%2Fsvg%27%20width%3D%27950%27%20height%3D%27459%27%20viewBox%3D%270%200%20950%20459%27%3E%3Crect%20width%3D%27950%27%20height%3D%27459%27%20fill-opacity%3D%220%22%2F%3E%3C%2Fsvg%3E\" data-srcset=\"\/wp-content\/uploads\/sites\/36\/curriculum-950-200x97.png 200w, \/wp-content\/uploads\/sites\/36\/curriculum-950-400x193.png 400w, \/wp-content\/uploads\/sites\/36\/curriculum-950-600x290.png 600w, \/wp-content\/uploads\/sites\/36\/curriculum-950-800x387.png 800w, \/wp-content\/uploads\/sites\/36\/curriculum-950.png 950w\" data-sizes=\"auto\" data-orig-sizes=\"(max-width: 768px) 100vw, 950px\" \/><\/span><\/div><div class=\"fusion-clearfix\"><\/div><\/div><\/div><\/div><\/div><div class=\"fusion-fullwidth fullwidth-box fusion-builder-row-2 nonhundred-percent-fullwidth non-hundred-percent-height-scrolling fusion-equal-height-columns\" style=\"background-color: rgba(255,255,255,0);background-position: center bottom;background-repeat: no-repeat;padding-top:5%;padding-right:5%;padding-bottom:5%;padding-left:5%;margin-bottom: 0px;margin-top: 0px;border-width: 0px 0px 0px 0px;border-color:#eae9e9;border-style:solid;\" ><div class=\"fusion-builder-row fusion-row\"><div class=\"fusion-layout-column fusion_builder_column fusion-builder-column-1 fusion_builder_column_1_1 1_1 fusion-one-full fusion-column-first fusion-column-last\" style=\"margin-top:0%;margin-bottom:0%;\"><div class=\"fusion-column-wrapper fusion-flex-column-wrapper-legacy\" style=\"background-position:left top;background-repeat:no-repeat;-webkit-background-size:cover;-moz-background-size:cover;-o-background-size:cover;background-size:cover;padding: 0px 0px 0px 0px;\"><div class=\"fusion-column-content-centered\"><div class=\"fusion-column-content\"><div class=\"fusion-builder-row fusion-builder-row-inner fusion-row\"><div class=\"fusion-layout-column fusion_builder_column_inner fusion-builder-nested-column-0 fusion_builder_column_inner_1_2 1_2 fusion-one-half fusion-column-first\" style=\"width:50%;width:calc(50% - ( ( 4% ) * 0.5 ) );margin-right: 4%;margin-top:0%;margin-bottom:0%;\"><div class=\"fusion-column-wrapper fusion-flex-column-wrapper-legacy\" style=\"background-position:left top;background-repeat:no-repeat;-webkit-background-size:cover;-moz-background-size:cover;-o-background-size:cover;background-size:cover;padding: 0px 0px 0px 0px;\"><div class=\"fusion-column-content-centered\"><div class=\"fusion-column-content\"><style type=\"text\/css\"><\/style><div class=\"fusion-title title fusion-title-2 fusion-sep-none fusion-title-text fusion-title-size-two fusion-title-default-margin\" style=\"margin-right:0px;margin-left:0px; margin-top:0px; margin-bottom:0px\"><h2 class=\"title-heading-left fusion-responsive-typography-calculated\" style=\"text-transform:none;--fontSize:36.615;line-height:1;\">Recursos de aprendizaje poderosos alineados con su programa de matem\u00e1ticas<\/h2><\/div><div class=\"fusion-text fusion-text-2\"><p>Nuestro equipo de especialistas en educaci\u00f3n ha creado cursos que pueden ayudarle a satisfacer las necesidades de los alumnos que se encuentran en su distrito escolar, con m\u00e1s de 1200 actividades individualizadas adaptables para alumnos de primaria y secundaria.<\/p>\n<\/div><div class=\"fusion-text fusion-text-3\"><p>Sus alumnos tendr\u00e1n acceso a contenido pertinente que reforzar\u00e1 su aprendizaje y los desafiar\u00e1 para que incrementen su nivel. Los cursos est\u00e1n apoyados con actividades, libros imprimibles, tareas enriquecidas y otros recursos que ofrecen una experiencia de aprendizaje multimodal y cautivadora para los alumnos.<\/p>\n<\/div><\/div><\/div><div class=\"fusion-clearfix\"><\/div><\/div><\/div><div class=\"fusion-layout-column fusion_builder_column_inner fusion-builder-nested-column-1 fusion_builder_column_inner_1_2 1_2 fusion-one-half fusion-column-last fusion-animated\" style=\"width:50%;width:calc(50% - ( ( 4% ) * 0.5 ) );margin-top:0%;margin-bottom:0%;\" data-animationType=\"fadeInLeft\" data-animationDuration=\"0.4\" data-animationOffset=\"top-mid-of-view\"><div class=\"fusion-column-wrapper lazyload fusion-flex-column-wrapper-legacy fusion-empty-dims-bg-image\" style=\"background-position:center center;background-repeat:no-repeat;-webkit-background-size:cover;-moz-background-size:cover;-o-background-size:cover;background-size:cover;padding: 0px 0px 0px 0px;\" data-bg-url=\"https:\/\/assets-homepages.3plearning.net\/wp-content\/uploads\/sites\/36\/MX-COURSE-PART2.png\" data-bg=\"https:\/\/assets-homepages.3plearning.net\/wp-content\/uploads\/sites\/36\/MX-COURSE-PART2.png\"><div class=\"fusion-column-content-centered\"><div class=\"fusion-column-content\"><div class=\"imageframe-align-center\"><span class=\" fusion-imageframe imageframe-none imageframe-2 hover-type-none fusion-animated\" data-animationType=\"fadeInRight\" data-animationDuration=\"0.8\" data-animationOffset=\"top-mid-of-view\"><img width=\"950\" height=\"950\" src=\"\/wp-content\/uploads\/sites\/36\/MX-COURSE-PART1.png\" data-orig-src=\"https:\/\/assets-homepages.3plearning.net\/wp-content\/uploads\/sites\/36\/MX-COURSE-PART1.png\" alt class=\"lazyload img-responsive wp-image-5541\" srcset=\"data:image\/svg+xml,%3Csvg%20xmlns%3D%27http%3A%2F%2Fwww.w3.org%2F2000%2Fsvg%27%20width%3D%27950%27%20height%3D%27950%27%20viewBox%3D%270%200%20950%20950%27%3E%3Crect%20width%3D%27950%27%20height%3D%27950%27%20fill-opacity%3D%220%22%2F%3E%3C%2Fsvg%3E\" data-srcset=\"\/wp-content\/uploads\/sites\/36\/MX-COURSE-PART1-200x200.png 200w, \/wp-content\/uploads\/sites\/36\/MX-COURSE-PART1-400x400.png 400w, \/wp-content\/uploads\/sites\/36\/MX-COURSE-PART1-600x600.png 600w, \/wp-content\/uploads\/sites\/36\/MX-COURSE-PART1-800x800.png 800w, \/wp-content\/uploads\/sites\/36\/MX-COURSE-PART1.png 950w\" data-sizes=\"auto\" data-orig-sizes=\"(max-width: 768px) 100vw, 800px\" \/><\/span><\/div><\/div><\/div><div class=\"fusion-clearfix\"><\/div><\/div><\/div><\/div><\/div><\/div><div class=\"fusion-clearfix\"><\/div><\/div><\/div><\/div><\/div><\/p>\n","protected":false},"excerpt":{"rendered":"","protected":false},"author":20,"featured_media":0,"parent":149,"menu_order":0,"comment_status":"closed","ping_status":"closed","template":"100-width.php","meta":[],"acf":[],"yoast_head":"<!-- This site is optimized with the Yoast SEO plugin v20.3 - https:\/\/yoast.com\/wordpress\/plugins\/seo\/ -->\r\n<title>Alineaci\u00f3n curricular de Mathletics | Alineado con los programas escolares de todo el mundo<\/title>\r\n<meta name=\"description\" content=\"Mathletics cumple los est\u00e1ndares de los programas escolares de, al brindar contenido pertinente basado en el programa escolar y cursos que apoyan el aprendizaje de las matem\u00e1ticas.\" \/>\r\n<meta name=\"robots\" content=\"index, follow, max-snippet:-1, max-image-preview:large, max-video-preview:-1\" \/>\r\n<link rel=\"canonical\" href=\"https:\/\/www.mathletics.com\/latam\/for-schools\/curriculum\/\" \/>\r\n<meta property=\"og:locale\" content=\"en_US\" \/>\r\n<meta property=\"og:type\" content=\"article\" \/>\r\n<meta property=\"og:title\" content=\"Alineaci\u00f3n curricular de Mathletics | Alineado con los programas escolares de todo el mundo\" \/>\r\n<meta property=\"og:description\" content=\"Mathletics cumple los est\u00e1ndares de los programas escolares de, al brindar contenido pertinente basado en el programa escolar y cursos que apoyan el aprendizaje de las matem\u00e1ticas.\" \/>\r\n<meta property=\"og:url\" content=\"https:\/\/www.mathletics.com\/latam\/for-schools\/curriculum\/\" \/>\r\n<meta property=\"og:site_name\" content=\"Mathletics Latin America\" \/>\r\n<meta property=\"article:modified_time\" content=\"2020-05-21T04:47:51+00:00\" \/>\r\n<meta name=\"twitter:card\" content=\"summary_large_image\" \/>\r\n<meta name=\"twitter:label1\" content=\"Est. reading time\" \/>\n\t<meta name=\"twitter:data1\" content=\"21 minutes\" \/>\r\n<script type=\"application\/ld+json\" class=\"yoast-schema-graph\">{\"@context\":\"https:\/\/schema.org\",\"@graph\":[{\"@type\":\"WebPage\",\"@id\":\"https:\/\/www.mathletics.com\/latam\/for-schools\/curriculum\/\",\"url\":\"https:\/\/www.mathletics.com\/latam\/for-schools\/curriculum\/\",\"name\":\"Alineaci\u00f3n curricular de Mathletics | Alineado con los programas escolares de todo el mundo\",\"isPartOf\":{\"@id\":\"https:\/\/www.mathletics.com\/latam\/#website\"},\"datePublished\":\"2018-12-17T15:05:39+00:00\",\"dateModified\":\"2020-05-21T04:47:51+00:00\",\"description\":\"Mathletics cumple los est\u00e1ndares de los programas escolares de, al brindar contenido pertinente basado en el programa escolar y cursos que apoyan el aprendizaje de las matem\u00e1ticas.\",\"breadcrumb\":{\"@id\":\"https:\/\/www.mathletics.com\/latam\/for-schools\/curriculum\/#breadcrumb\"},\"inLanguage\":\"en-US\",\"potentialAction\":[{\"@type\":\"ReadAction\",\"target\":[\"https:\/\/www.mathletics.com\/latam\/for-schools\/curriculum\/\"]}]},{\"@type\":\"BreadcrumbList\",\"@id\":\"https:\/\/www.mathletics.com\/latam\/for-schools\/curriculum\/#breadcrumb\",\"itemListElement\":[{\"@type\":\"ListItem\",\"position\":1,\"name\":\"Home\",\"item\":\"https:\/\/www.mathletics.com\/latam\/\"},{\"@type\":\"ListItem\",\"position\":2,\"name\":\"For Schools LATAM\",\"item\":\"https:\/\/www.mathletics.com\/latam\/for-schools\/\"},{\"@type\":\"ListItem\",\"position\":3,\"name\":\"Curriculum\"}]},{\"@type\":\"WebSite\",\"@id\":\"https:\/\/www.mathletics.com\/latam\/#website\",\"url\":\"https:\/\/www.mathletics.com\/latam\/\",\"name\":\"Mathletics Latin America\",\"description\":\"Empowering Maths Learning Online\",\"potentialAction\":[{\"@type\":\"SearchAction\",\"target\":{\"@type\":\"EntryPoint\",\"urlTemplate\":\"https:\/\/www.mathletics.com\/latam\/?s={search_term_string}\"},\"query-input\":\"required name=search_term_string\"}],\"inLanguage\":\"en-US\"}]}<\/script>\r\n<!-- \/ Yoast SEO plugin. -->","yoast_head_json":{"title":"Alineaci\u00f3n curricular de Mathletics | Alineado con los programas escolares de todo el mundo","description":"Mathletics cumple los est\u00e1ndares de los programas escolares de, al brindar contenido pertinente basado en el programa escolar y cursos que apoyan el aprendizaje de las matem\u00e1ticas.","robots":{"index":"index","follow":"follow","max-snippet":"max-snippet:-1","max-image-preview":"max-image-preview:large","max-video-preview":"max-video-preview:-1"},"canonical":"https:\/\/www.mathletics.com\/latam\/for-schools\/curriculum\/","og_locale":"en_US","og_type":"article","og_title":"Alineaci\u00f3n curricular de Mathletics | Alineado con los programas escolares de todo el mundo","og_description":"Mathletics cumple los est\u00e1ndares de los programas escolares de, al brindar contenido pertinente basado en el programa escolar y cursos que apoyan el aprendizaje de las matem\u00e1ticas.","og_url":"https:\/\/www.mathletics.com\/latam\/for-schools\/curriculum\/","og_site_name":"Mathletics Latin America","article_modified_time":"2020-05-21T04:47:51+00:00","twitter_card":"summary_large_image","twitter_misc":{"Est. reading time":"21 minutes"},"schema":{"@context":"https:\/\/schema.org","@graph":[{"@type":"WebPage","@id":"https:\/\/www.mathletics.com\/latam\/for-schools\/curriculum\/","url":"https:\/\/www.mathletics.com\/latam\/for-schools\/curriculum\/","name":"Alineaci\u00f3n curricular de Mathletics | Alineado con los programas escolares de todo el mundo","isPartOf":{"@id":"https:\/\/www.mathletics.com\/latam\/#website"},"datePublished":"2018-12-17T15:05:39+00:00","dateModified":"2020-05-21T04:47:51+00:00","description":"Mathletics cumple los est\u00e1ndares de los programas escolares de, al brindar contenido pertinente basado en el programa escolar y cursos que apoyan el aprendizaje de las matem\u00e1ticas.","breadcrumb":{"@id":"https:\/\/www.mathletics.com\/latam\/for-schools\/curriculum\/#breadcrumb"},"inLanguage":"en-US","potentialAction":[{"@type":"ReadAction","target":["https:\/\/www.mathletics.com\/latam\/for-schools\/curriculum\/"]}]},{"@type":"BreadcrumbList","@id":"https:\/\/www.mathletics.com\/latam\/for-schools\/curriculum\/#breadcrumb","itemListElement":[{"@type":"ListItem","position":1,"name":"Home","item":"https:\/\/www.mathletics.com\/latam\/"},{"@type":"ListItem","position":2,"name":"For Schools LATAM","item":"https:\/\/www.mathletics.com\/latam\/for-schools\/"},{"@type":"ListItem","position":3,"name":"Curriculum"}]},{"@type":"WebSite","@id":"https:\/\/www.mathletics.com\/latam\/#website","url":"https:\/\/www.mathletics.com\/latam\/","name":"Mathletics Latin America","description":"Empowering Maths Learning Online","potentialAction":[{"@type":"SearchAction","target":{"@type":"EntryPoint","urlTemplate":"https:\/\/www.mathletics.com\/latam\/?s={search_term_string}"},"query-input":"required name=search_term_string"}],"inLanguage":"en-US"}]}},"_links":{"self":[{"href":"https:\/\/www.mathletics.com\/latam\/wp-json\/wp\/v2\/pages\/151"}],"collection":[{"href":"https:\/\/www.mathletics.com\/latam\/wp-json\/wp\/v2\/pages"}],"about":[{"href":"https:\/\/www.mathletics.com\/latam\/wp-json\/wp\/v2\/types\/page"}],"author":[{"embeddable":true,"href":"https:\/\/www.mathletics.com\/latam\/wp-json\/wp\/v2\/users\/20"}],"replies":[{"embeddable":true,"href":"https:\/\/www.mathletics.com\/latam\/wp-json\/wp\/v2\/comments?post=151"}],"version-history":[{"count":0,"href":"https:\/\/www.mathletics.com\/latam\/wp-json\/wp\/v2\/pages\/151\/revisions"}],"up":[{"embeddable":true,"href":"https:\/\/www.mathletics.com\/latam\/wp-json\/wp\/v2\/pages\/149"}],"wp:attachment":[{"href":"https:\/\/www.mathletics.com\/latam\/wp-json\/wp\/v2\/media?parent=151"}],"curies":[{"name":"wp","href":"https:\/\/api.w.org\/{rel}","templated":true}]}}